{"id":27,"date":"2010-11-20T20:30:38","date_gmt":"2010-11-20T19:30:38","guid":{"rendered":"http:\/\/localhost\/?page_id=27"},"modified":"2026-02-06T17:06:46","modified_gmt":"2026-02-06T16:06:46","slug":"svijet-mirovina","status":"publish","type":"page","link":"https:\/\/www.svijetmirovina.org\/","title":{"rendered":"Stalni sudski vje\u0161tak za aktuarstvo i osiguranje i savjetnik za odabir mirovine"},"content":{"rendered":"<div style=\"width: 160px\" class=\"wp-caption alignleft\"><img loading=\"lazy\" decoding=\"async\" title=\"dr. sc. Nikola Ma\u0161i\u0107\" src=\"..\/wp-content\/uploads\/2010\/11\/sl03-150x150.jpg\" alt=\"dr. sc. Nikola Ma\u0161i\u0107\" width=\"150\" height=\"150\" \/><p class=\"wp-caption-text\">dr. sc. Nikola Ma\u0161i\u0107<\/p><\/div>\n<p style=\"text-align: justify;\">Kao stalni sudski vje\u0161tak za aktuarstvo i osiguranje pru\u017eam usluge u svim spornim pitanjima vezanim za aktuaristiku i osiguranje.<br \/>\nStalni sudski vje\u0161tak za aktuarstvo i osiguranje je osoba koja je pozvana da pred sudom iznese svoj stru\u010dni nalaz i mi\u0161ljenje o \u010dinjenicama vezanim za istinitost tvrdnji koje su predmet dokazivanja.<br \/>\nPoma\u017eem odvjetnicima i o\u0161te\u0107enim osobama u spornim pitanjima kada se osporava od\u0161tetni zahtjev ili kada je pona\u0161anje osiguravaju\u0107eg dru\u0161tva, zastupnika u osiguranju ili brokera dovedeno u pitanje.<br \/>\nNaj\u010de\u0161\u0107e, radi se o obra\u010dunu kapitalizirane naknade \u0161tete u obliku nov\u010dane rente koja se dodjeljuje u slu\u010daju smrti, tjelesne ozljede ili o\u0161te\u0107enja zdravlja ali i o obra\u010dunu izmakle koristi, zakonske zatezne kamate, stanju iscrpljenosti osigurane svote ili utvr\u0111ivanju nekorektnog postupanja osiguratelja na \u0161tetu osiguranika.<br \/>\n\u0160teta koju pretrpi o\u0161te\u0107ena osoba mo\u017ee imati trajne posljedice na njegov \u017eivot kroz dugi niz godina te je potrebno pa\u017eljivo odvagati sve financijske posljedice sada\u0161njih i mogu\u0107ih budu\u0107ih neizvjesnih doga\u0111aja.<\/p>\n<p style=\"text-align: justify;\">Kada do\u0111e vrijeme odlaska u zaslu\u017eenu mirovinu i planiranje isplate mirovine potencijalni korisnik mirovine mora donijeti vrlo va\u017ene odluke vezane za izbor mogu\u0107nosti isplate mirovine.<\/p>\n<p style=\"text-align: justify;\">Ho\u0107e li to biti isplata samo iz I. stupa ili kombinirana isplata iz I. i II. stupa. Mogu\u0107nosti su brojne, a odluke nisu lake\u00a0 i jednostavne.<\/p>\n<p style=\"text-align: justify;\">Vrlo je va\u017eno znati da jednom kada se odlu\u010dite za mirovinsko osiguravaju\u0107e dru\u0161tvo koje \u0107e vam ispla\u0107ivati mirovinu iz II. stupa vi\u0161e nema mogu\u0107nosti da prekinete taj ugovor i zatra\u017eite njegov raskid u nakani da sklopite ugovor s drugim mirovinskim osiguravaju\u0107em dru\u0161tvom.<\/p>\n<p style=\"text-align: justify;\">Isto tako, kada se odlu\u010dite za vrstu i oblik mirovine koju \u0107e vam ispla\u0107ivati mirovinsko osiguravaju\u0107e dru\u0161tvo pitanje je ho\u0107ete li mo\u0107i naknadno promijeniti svoj izbor i pod kojim uvjetima.<\/p>\n<p style=\"text-align: justify;\">Stoga je mudro i uputno razmotriti sve opcije koje vam stoje na raspolaganju u cilju optimalnog odabira mirovine imaju\u0107i u vidu va\u0161u sada\u0161nju i mo\u017eebitnu budu\u0107u osobnu ukupnu situaciju.<\/p>\n<p style=\"text-align: justify;\">Ako se \u017eelite o tome posavjetovati sa nekim nepristranim i neovisnim stru\u010dnjakom slobodno mi se obratite. Cijena usluge savjetovanja za odabir mirovine iznosi 150 EUR.<\/p>\n<p><strong>Reference<\/strong><\/p>\n<ol>\n<li>Ovla\u0161teni aktuar<\/li>\n<li>Stalni sudski vje\u0161tak za aktuarstvo i osiguranje<\/li>\n<li>Knjige:\n<ol>\n<li>Dr. sc. Nikola Ma\u0161i\u0107, Osiguranje \u017eivota: Vodi\u010d za va\u0161 najbolji izbor, Zagreb, 2001.<\/li>\n<li>Nikola Ma\u0161i\u0107, \u017divotno osiguranje: osnovni principi, Zagreb, 2008.<\/li>\n<li>Nikola Ma\u0161i\u0107, Mirovinsko osiguravaju\u0107e dru\u0161tvo: principi i praksa, Split, 2021.<\/li>\n<\/ol>\n<\/li>\n<\/ol>\n<p>Dr. sc. Nikola Ma\u0161i\u0107<\/p>\n<p>Crvenog kri\u017ea 31<\/p>\n<p>10000 Zagreb<\/p>\n<p>Mob. 091 46 47 467<\/p>\n<p>Email: nikola.masic@hotmail.com<\/p>\n<p style=\"text-align: center;\"><a href=\"https:\/\/www.svijetmirovina.org\/?page_id=130\">KONTAKT<\/a><\/p>\n<table style=\"width: 100%; height: 663px;\">\n<tbody>\n<tr>\n<td style=\"width: 246.475px;\"><\/td>\n<td style=\"width: 579.925px;\"><\/td>\n<\/tr>\n<tr>\n<td style=\"width: 246.475px;\"><\/td>\n<td style=\"width: 579.925px;\" valign=\"middle\"><\/td>\n<\/tr>\n<tr>\n<td style=\"width: 246.475px;\"><\/td>\n<td style=\"text-align: left; width: 579.925px;\"><\/td>\n<\/tr>\n<\/tbody>\n<\/table>\n","protected":false},"excerpt":{"rendered":"<p class=\"wp-caption-text\">dr. sc. Nikola Ma\u0161i\u0107<\/p>\n<p style=\"text-align: justify;\">Kao stalni sudski vje\u0161tak za aktuarstvo i osiguranje pru\u017eam usluge u svim spornim pitanjima vezanim za aktuaristiku i osiguranje. Stalni sudski vje\u0161tak za aktuarstvo i osiguranje je osoba koja je pozvana da pred sudom iznese svoj stru\u010dni nalaz i mi\u0161ljenje o \u010dinjenicama vezanim za istinitost tvrdnji koje su predmet dokazivanja. Poma\u017eem odvjetnicima i o\u0161te\u0107enim osobama u spornim pitanjima kada se osporava od\u0161tetni zahtjev ili kada je pona\u0161anje osiguravaju\u0107eg dru\u0161tva, zastupnika u osiguranju ili brokera dovedeno u pitanje. Naj\u010de\u0161\u0107e, radi se o obra\u010dunu kapitalizirane naknade \u0161tete u obliku nov\u010dane rente koja se dodjeljuje u slu\u010daju smrti, tjelesne ozljede ili o\u0161te\u0107enja zdravlja ali i o obra\u010dunu izmakle koristi, zakonske zatezne kamate, stanju iscrpljenosti osigurane svote ili utvr\u0111ivanju nekorektnog postupanja osiguratelja na \u0161tetu osiguranika. \u0160teta koju pretrpi o\u0161te\u0107ena osoba mo\u017ee imati trajne posljedice na njegov \u017eivot kroz dugi niz godina te je potrebno pa\u017eljivo odvagati sve financijske posljedice sada\u0161njih i mogu\u0107ih budu\u0107ih neizvjesnih doga\u0111aja.<\/p>\n<p style=\"text-align: justify;\">Kada do\u0111e vrijeme odlaska u zaslu\u017eenu mirovinu i planiranje isplate mirovine potencijalni korisnik mirovine mora donijeti vrlo va\u017ene odluke vezane za izbor mogu\u0107nosti isplate mirovine.<\/p>\n<p style=\"text-align: justify;\">Ho\u0107e li to biti isplata samo iz I. stupa ili kombinirana isplata iz I. i II. stupa. Mogu\u0107nosti su brojne, a odluke nisu lake i jednostavne.<\/p>\n<p style=\"text-align: justify;\">Vrlo je va\u017eno znati da jednom kada se odlu\u010dite za mirovinsko osiguravaju\u0107e dru\u0161tvo koje \u0107e vam ispla\u0107ivati mirovinu iz II. stupa vi\u0161e nema mogu\u0107nosti da prekinete taj ugovor i zatra\u017eite njegov raskid u nakani da sklopite ugovor s drugim mirovinskim osiguravaju\u0107em dru\u0161tvom.<\/p>\n<p style=\"text-align: justify;\">Isto tako, kada se odlu\u010dite za vrstu i oblik mirovine koju \u0107e vam ispla\u0107ivati mirovinsko osiguravaju\u0107e dru\u0161tvo pitanje je ho\u0107ete li mo\u0107i naknadno promijeniti svoj izbor i pod kojim uvjetima.<\/p>\n<p style=\"text-align: justify;\">Stoga je mudro i uputno razmotriti sve opcije koje vam stoje na raspolaganju u cilju optimalnog odabira mirovine imaju\u0107i u vidu va\u0161u sada\u0161nju i mo\u017eebitnu budu\u0107u osobnu ukupnu situaciju.<\/p>\n<p style=\"text-align: justify;\">Ako se \u017eelite o tome posavjetovati sa nekim nepristranim i neovisnim stru\u010dnjakom slobodno mi se obratite. Cijena usluge savjetovanja za odabir mirovine iznosi 150 EUR.<\/p>\n<p>Reference<\/p>\n<p> Ovla\u0161teni aktuar Stalni sudski vje\u0161tak za aktuarstvo i osiguranje Knjige: Dr. sc. Nikola Ma\u0161i\u0107, Osiguranje \u017eivota: Vodi\u010d za va\u0161 najbolji izbor, Zagreb, 2001. Nikola Ma\u0161i\u0107, \u017divotno osiguranje: osnovni principi, Zagreb, 2008. Nikola Ma\u0161i\u0107, Mirovinsko osiguravaju\u0107e dru\u0161tvo: principi i praksa, Split, 2021. <\/p>\n<p>Dr. sc. Nikola Ma\u0161i\u0107<\/p>\n<p>Crvenog kri\u017ea 31<\/p>\n<p>10000 Zagreb<\/p>\n<p>Mob. 091 46 47 467<\/p>\n<p>Email: nikola.masic@hotmail.com<\/p>\n<p style=\"text-align: center;\">KONTAKT<\/p>\n<p> [cijeli tekst..]<\/p>\n","protected":false},"author":5,"featured_media":0,"parent":0,"menu_order":0,"comment_status":"closed","ping_status":"closed","template":"","meta":{"footnotes":""},"class_list":["post-27","page","type-page","status-publish","hentry","odd"],"_links":{"self":[{"href":"https:\/\/www.svijetmirovina.org\/index.php?rest_route=\/wp\/v2\/pages\/27"}],"collection":[{"href":"https:\/\/www.svijetmirovina.org\/index.php?rest_route=\/wp\/v2\/pages"}],"about":[{"href":"https:\/\/www.svijetmirovina.org\/index.php?rest_route=\/wp\/v2\/types\/page"}],"author":[{"embeddable":true,"href":"https:\/\/www.svijetmirovina.org\/index.php?rest_route=\/wp\/v2\/users\/5"}],"replies":[{"embeddable":true,"href":"https:\/\/www.svijetmirovina.org\/index.php?rest_route=%2Fwp%2Fv2%2Fcomments&post=27"}],"version-history":[{"count":25,"href":"https:\/\/www.svijetmirovina.org\/index.php?rest_route=\/wp\/v2\/pages\/27\/revisions"}],"predecessor-version":[{"id":1317,"href":"https:\/\/www.svijetmirovina.org\/index.php?rest_route=\/wp\/v2\/pages\/27\/revisions\/1317"}],"wp:attachment":[{"href":"https:\/\/www.svijetmirovina.org\/index.php?rest_route=%2Fwp%2Fv2%2Fmedia&parent=27"}],"curies":[{"name":"wp","href":"https:\/\/api.w.org\/{rel}","templated":true}]}}