{"id":900,"date":"2013-05-17T16:51:38","date_gmt":"2013-05-17T14:51:38","guid":{"rendered":"http:\/\/www.svijetmirovina.org\/?page_id=900"},"modified":"2013-05-17T16:51:38","modified_gmt":"2013-05-17T14:51:38","slug":"xvlastito-financiranje-dugorocne-skrbi","status":"publish","type":"page","link":"https:\/\/www.svijetmirovina.org\/?page_id=900","title":{"rendered":"XVlastito financiranje  dugoro\u010dne skrbi"},"content":{"rendered":"<p><a href=\"https:\/\/www.svijetmirovina.org\/wp-content\/uploads\/2013\/05\/Fat-Wallet-150x150.jpg\"><img loading=\"lazy\" decoding=\"async\" class=\"size-full wp-image-901 alignleft\" alt=\"Fat-Wallet-150x150\" src=\"https:\/\/www.svijetmirovina.org\/wp-content\/uploads\/2013\/05\/Fat-Wallet-150x150.jpg\" width=\"150\" height=\"150\" \/><\/a>Gotovo je nemogu\u0107e predvidjeti ho\u0107ete li ili koliko \u0107ete trebati brige u starijoj dobi, ho\u0107e li vam va\u0161a obitelj osigurati sredstva za financiranje skrbi i u kojem obimu te koliko \u0107e vas uop\u0107e ko\u0161tati financiranje skrbi. Ipak, prili\u010dno je lako pretpostaviti da \u0107ete potrebu za dugoro\u010dnom ili intenzivnijom skrbi morati dijelom ili u cijelosti financirati iz vlastitog d\u017eepa. To je osnovni razlog za\u0161to sve ve\u0107i broj ljudi koristi vlastita financijska sredstva za financiranje dugoro\u010dne skrbi ako \u0107e im i kada im bude potrebna.<\/p>\n<p>Definicija samog pojma dugoro\u010dne njege nije jednozna\u010dna budu\u0107i da se ona mijenja od zemlje do zemlje. U sljede\u0107oj tablici je prikazan iznos u postotcima kojim vlastito financiranje u\u010destvuje u ukupnom financiranju dugoro\u010dne njege za izabrane zemlje.<\/p>\n<table border=\"1\" cellspacing=\"0\" cellpadding=\"7\" align=\"center\">\n<colgroup>\n<col width=\"61\" \/>\n<col width=\"188\" \/><\/colgroup>\n<tbody>\n<tr valign=\"TOP\">\n<td width=\"61\"><strong>ZEMLJA<\/strong><\/td>\n<td width=\"188\"><strong>OSOBNO OSIGURANJE I DOPRINOSI<\/strong><\/td>\n<\/tr>\n<tr>\n<td width=\"61\">Norve\u0161ka<\/td>\n<td width=\"188\">5<\/td>\n<\/tr>\n<tr>\n<td width=\"61\">SAD<\/td>\n<td width=\"188\">18<\/td>\n<\/tr>\n<tr>\n<td width=\"61\">Italija<\/td>\n<td width=\"188\">23<\/td>\n<\/tr>\n<tr>\n<td width=\"61\">Gr\u010dka<\/td>\n<td width=\"188\">42<\/td>\n<\/tr>\n<\/tbody>\n<\/table>\n<p>U svijetu postoji cijeli niz financijskih instrumenata koji su na raspolaganju starijim osobama koje se odlu\u010de za financiranje dugoro\u010dne skrbi vlastitim sredstvima. Kod nas su te mogu\u0107nosti vrlo ograni\u010dene i svode se na :<\/p>\n<ul>\n<li>\u017eivotne rente<\/li>\n<li>prodaju\/iznajmljivanje imovine<\/li>\n<li>ugovorne obveznike uzdr\u017eavanja<\/li>\n<\/ul>\n<p>Koja opcija je najbolja za vas ovisi o vi\u0161e faktora uklju\u010duju\u0107i va\u0161u dob, zdravstveno stanje, va\u0161 rizik vezan za potrebu dugoro\u010dne njege i stanje va\u0161ih osobnih financija.<br \/>\nAko trebate savjet po\u0161aljite mi <a href=\"https:\/\/www.svijetmirovina.org\/?page_id=130\">poruku<\/a>!<\/p>\n","protected":false},"excerpt":{"rendered":"<p>Gotovo je nemogu\u0107e predvidjeti ho\u0107ete li ili koliko \u0107ete trebati brige u starijoj dobi, ho\u0107e li vam va\u0161a obitelj osigurati sredstva za financiranje skrbi i u kojem obimu te koliko \u0107e vas uop\u0107e ko\u0161tati financiranje skrbi. Ipak, prili\u010dno je lako pretpostaviti da \u0107ete potrebu za dugoro\u010dnom ili intenzivnijom skrbi morati dijelom ili u cijelosti financirati iz vlastitog d\u017eepa. To je osnovni razlog za\u0161to sve ve\u0107i broj ljudi koristi vlastita financijska sredstva za financiranje dugoro\u010dne skrbi ako \u0107e im i kada im bude potrebna.<\/p>\n<p>Definicija samog pojma dugoro\u010dne njege nije jednozna\u010dna budu\u0107i da se ona mijenja od zemlje do zemlje. U sljede\u0107oj tablici je prikazan iznos u postotcima kojim vlastito financiranje u\u010destvuje u ukupnom financiranju dugoro\u010dne njege za izabrane zemlje.<\/p>\n<p> ZEMLJA OSOBNO OSIGURANJE I DOPRINOSI Norve\u0161ka 5 SAD 18 Italija 23 Gr\u010dka 42 <\/p>\n<p>U svijetu postoji cijeli niz financijskih instrumenata koji su na raspolaganju starijim osobama koje se odlu\u010de za financiranje dugoro\u010dne skrbi vlastitim sredstvima. Kod nas su te mogu\u0107nosti vrlo ograni\u010dene i svode se na :<\/p>\n<p> \u017eivotne rente prodaju\/iznajmljivanje imovine ugovorne obveznike uzdr\u017eavanja <\/p>\n<p>Koja opcija je najbolja za vas ovisi o vi\u0161e faktora uklju\u010duju\u0107i va\u0161u dob, zdravstveno stanje, va\u0161 rizik vezan za potrebu dugoro\u010dne njege i stanje va\u0161ih osobnih financija. Ako trebate savjet po\u0161aljite mi poruku!<\/p>\n<p> [cijeli tekst..]<\/p>\n","protected":false},"author":5,"featured_media":0,"parent":0,"menu_order":0,"comment_status":"closed","ping_status":"closed","template":"","meta":{"footnotes":""},"class_list":["post-900","page","type-page","status-publish","hentry","odd"],"_links":{"self":[{"href":"https:\/\/www.svijetmirovina.org\/index.php?rest_route=\/wp\/v2\/pages\/900"}],"collection":[{"href":"https:\/\/www.svijetmirovina.org\/index.php?rest_route=\/wp\/v2\/pages"}],"about":[{"href":"https:\/\/www.svijetmirovina.org\/index.php?rest_route=\/wp\/v2\/types\/page"}],"author":[{"embeddable":true,"href":"https:\/\/www.svijetmirovina.org\/index.php?rest_route=\/wp\/v2\/users\/5"}],"replies":[{"embeddable":true,"href":"https:\/\/www.svijetmirovina.org\/index.php?rest_route=%2Fwp%2Fv2%2Fcomments&post=900"}],"version-history":[{"count":3,"href":"https:\/\/www.svijetmirovina.org\/index.php?rest_route=\/wp\/v2\/pages\/900\/revisions"}],"predecessor-version":[{"id":935,"href":"https:\/\/www.svijetmirovina.org\/index.php?rest_route=\/wp\/v2\/pages\/900\/revisions\/935"}],"wp:attachment":[{"href":"https:\/\/www.svijetmirovina.org\/index.php?rest_route=%2Fwp%2Fv2%2Fmedia&parent=900"}],"curies":[{"name":"wp","href":"https:\/\/api.w.org\/{rel}","templated":true}]}}